{"id":25784,"date":"2016-07-27T21:52:45","date_gmt":"2016-07-27T20:52:45","guid":{"rendered":"https:\/\/lepetithameau.com\/en\/mega-menu\/"},"modified":"2023-08-14T01:08:45","modified_gmt":"2023-08-14T00:08:45","slug":"mega-menu","status":"publish","type":"page","link":"https:\/\/lepetithameau.com\/en\/mega-menu\/","title":{"rendered":"Mega menu"},"content":{"rendered":"<p>[et_pb_section fb_built=&#8221;1&#8243; custom_padding_last_edited=&#8221;on|desktop&#8221; admin_label=&#8221;section&#8221; module_id=&#8221;my-menu&#8221; _builder_version=&#8221;4.16&#8243; background_color=&#8221;rgba(255,255,255,0)&#8221; custom_padding_tablet=&#8221;50px|0|50px|0&#8243; custom_padding_phone=&#8221;&#8221; transparent_background=&#8221;on&#8221; padding_mobile=&#8221;off&#8221; make_fullwidth=&#8221;off&#8221; use_custom_width=&#8221;off&#8221; width_unit=&#8221;on&#8221; global_colors_info=&#8221;{}&#8221;][et_pb_row padding_mobile=&#8221;off&#8221; column_padding_mobile=&#8221;on&#8221; admin_label=&#8221;row&#8221; module_id=&#8221;my-blurb&#8221; module_class=&#8221; et_pb_row_fullwidth&#8221; _builder_version=&#8221;4.16&#8243; background_size=&#8221;initial&#8221; background_position=&#8221;top_left&#8221; background_repeat=&#8221;repeat&#8221; width=&#8221;89%&#8221; width_tablet=&#8221;80%&#8221; width_last_edited=&#8221;on|desktop&#8221; max_width=&#8221;89%&#8221; max_width_tablet=&#8221;80%&#8221; max_width_last_edited=&#8221;on|desktop&#8221; make_fullwidth=&#8221;on&#8221; use_custom_width=&#8221;off&#8221; width_unit=&#8221;on&#8221; global_colors_info=&#8221;{}&#8221; column_structure=&#8221;1_4,1_4,1_4,1_4&#8243; width_phone=&#8221;80%&#8221; max_width_phone=&#8221;80%&#8221;][et_pb_column type=&#8221;1_4&#8243; _builder_version=&#8221;4.16&#8243; custom_padding=&#8221;|||&#8221; global_colors_info=&#8221;{}&#8221; custom_padding__hover=&#8221;|||&#8221;][et_pb_blurb title=&#8221;Restos &#038; Cafes&#8221; image=&#8221;https:\/\/lepetithameau.com\/wp-content\/uploads\/2016\/07\/test-menu-icon.png&#8221; icon_placement=&#8221;left&#8221; image_icon_width=&#8221;none&#8221; admin_label=&#8221;Restos &#038; Cafes&#8221; _builder_version=&#8221;4.16&#8243; header_text_color=&#8221;#ffffff&#8221; background_size=&#8221;initial&#8221; background_position=&#8221;top_left&#8221; background_repeat=&#8221;repeat&#8221; animation=&#8221;off&#8221; custom_css_blurb_image=&#8221;width: 49px;&#8221; custom_css_blurb_title=&#8221;padding-top: 20px;&#8221; use_border_color=&#8221;off&#8221; border_color=&#8221;#ffffff&#8221; border_style=&#8221;solid&#8221; image_max_width=&#8221;none&#8221; use_circle=&#8221;off&#8221; use_circle_border=&#8221;off&#8221; circle_border_color=&#8221;#b71919&#8243; circle_color=&#8221;#b71919&#8243; global_colors_info=&#8221;{}&#8221;][\/et_pb_blurb][et_pb_text _builder_version=&#8221;4.16&#8243; text_font=&#8221;Source Sans Pro|on|||&#8221; text_text_color=&#8221;#ffffff&#8221; text_font_size=&#8221;17&#8243; background_size=&#8221;initial&#8221; background_position=&#8221;top_left&#8221; background_repeat=&#8221;repeat&#8221; text_orientation=&#8221;center&#8221; module_alignment=&#8221;center&#8221; use_border_color=&#8221;off&#8221; border_color=&#8221;#ffffff&#8221; border_style=&#8221;solid&#8221; global_colors_info=&#8221;{}&#8221;]<a href=\"https:\/\/lepetithameau.com\/en\/tacos-lolita\/\">Tacos Lolita<\/a><\/p>\n<p><a href=\"https:\/\/lepetithameau.com\/en\/pizza-et-cie\/\">Pizza et Cie<\/a><\/p>\n<p><a href=\"https:\/\/lepetithameau.com\/en\/creme-et-chocolat\/\">Cr\u00e8me et Chocolat<\/a><br \/>\n[\/et_pb_text][et_pb_divider color=&#8221;#a0a0a0&#8243; _builder_version=&#8221;4.16&#8243; height=&#8221;10px&#8221; hide_on_mobile=&#8221;off&#8221; global_colors_info=&#8221;{}&#8221;][\/et_pb_divider][et_pb_blurb title=&#8221;Food and more&#8221; image=&#8221;https:\/\/lepetithameau.com\/wp-content\/uploads\/2016\/07\/test-menu-icon.png&#8221; icon_placement=&#8221;left&#8221; image_icon_width=&#8221;none&#8221; admin_label=&#8221;Food and more&#8221; _builder_version=&#8221;4.16&#8243; header_text_color=&#8221;#ffffff&#8221; background_size=&#8221;initial&#8221; background_position=&#8221;top_left&#8221; background_repeat=&#8221;repeat&#8221; animation=&#8221;off&#8221; custom_css_blurb_image=&#8221;width: 49px;&#8221; custom_css_blurb_title=&#8221;padding-top: 20px;&#8221; use_border_color=&#8221;off&#8221; border_color=&#8221;#ffffff&#8221; border_style=&#8221;solid&#8221; image_max_width=&#8221;none&#8221; use_circle=&#8221;off&#8221; use_circle_border=&#8221;off&#8221; circle_border_color=&#8221;#b71919&#8243; circle_color=&#8221;#b71919&#8243; global_colors_info=&#8221;{}&#8221;][\/et_pb_blurb][et_pb_text _builder_version=&#8221;4.16&#8243; text_font=&#8221;Source Sans Pro|on|||&#8221; text_text_color=&#8221;#ffffff&#8221; text_font_size=&#8221;17&#8243; background_size=&#8221;initial&#8221; background_position=&#8221;top_left&#8221; background_repeat=&#8221;repeat&#8221; text_orientation=&#8221;center&#8221; module_alignment=&#8221;center&#8221; use_border_color=&#8221;off&#8221; border_color=&#8221;#ffffff&#8221; border_style=&#8221;solid&#8221; global_colors_info=&#8221;{}&#8221;]<a href=\"https:\/\/lepetithameau.com\/en\/vrac-et-vous\/\">Vrac et vous<\/a><br \/>\n[\/et_pb_text][et_pb_divider color=&#8221;#a0a0a0&#8243; _builder_version=&#8221;4.16&#8243; height=&#8221;10px&#8221; hide_on_mobile=&#8221;off&#8221; global_colors_info=&#8221;{}&#8221;][\/et_pb_divider][\/et_pb_column][et_pb_column type=&#8221;1_4&#8243; _builder_version=&#8221;4.16&#8243; custom_padding=&#8221;|||&#8221; global_colors_info=&#8221;{}&#8221; custom_padding__hover=&#8221;|||&#8221;][et_pb_blurb title=&#8221;Gifts and Home Decor&#8221; image=&#8221;https:\/\/lepetithameau.com\/wp-content\/uploads\/2016\/07\/icon-menu-encadrement.png&#8221; icon_placement=&#8221;left&#8221; image_icon_width=&#8221;none&#8221; admin_label=&#8221;Cadeaux &#038; d\u00e9coration&#8221; _builder_version=&#8221;4.16&#8243; header_text_color=&#8221;#ffffff&#8221; body_text_color=&#8221;#ffffff&#8221; background_size=&#8221;initial&#8221; background_position=&#8221;top_left&#8221; background_repeat=&#8221;repeat&#8221; animation=&#8221;off&#8221; custom_css_blurb_image=&#8221;width: 49px;&#8221; custom_css_blurb_title=&#8221;padding-top: 10px;&#8221; use_border_color=&#8221;off&#8221; border_color=&#8221;#ffffff&#8221; border_style=&#8221;solid&#8221; image_max_width=&#8221;none&#8221; use_circle=&#8221;off&#8221; use_circle_border=&#8221;off&#8221; circle_border_color=&#8221;#b71919&#8243; circle_color=&#8221;#b71919&#8243; global_colors_info=&#8221;{}&#8221;][\/et_pb_blurb][et_pb_text _builder_version=&#8221;4.16&#8243; text_font=&#8221;Source Sans Pro|on|||&#8221; text_text_color=&#8221;#ffffff&#8221; text_font_size=&#8221;17&#8243; background_size=&#8221;initial&#8221; background_position=&#8221;top_left&#8221; background_repeat=&#8221;repeat&#8221; text_orientation=&#8221;center&#8221; module_alignment=&#8221;center&#8221; use_border_color=&#8221;off&#8221; global_colors_info=&#8221;{}&#8221;]<a href=\"https:\/\/lepetithameau.com\/en\/encadrements-concept-plus\/\">Encadrements Concept Plus<\/a><br \/>\n[\/et_pb_text][et_pb_divider color=&#8221;#a0a0a0&#8243; _builder_version=&#8221;4.16&#8243; height=&#8221;10px&#8221; hide_on_mobile=&#8221;off&#8221; global_colors_info=&#8221;{}&#8221;][\/et_pb_divider][et_pb_blurb title=&#8221;Services&#8221; image=&#8221;https:\/\/lepetithameau.com\/wp-content\/uploads\/2016\/07\/icon-menu-services.png&#8221; icon_placement=&#8221;left&#8221; image_icon_width=&#8221;none&#8221; admin_label=&#8221;Services&#8221; _builder_version=&#8221;4.16&#8243; header_text_color=&#8221;#ffffff&#8221; body_text_color=&#8221;#ffffff&#8221; background_size=&#8221;initial&#8221; background_position=&#8221;top_left&#8221; background_repeat=&#8221;repeat&#8221; animation=&#8221;off&#8221; custom_css_blurb_image=&#8221;width: 49px;&#8221; custom_css_blurb_title=&#8221;padding-top: 20px;&#8221; use_border_color=&#8221;off&#8221; border_color=&#8221;#ffffff&#8221; border_style=&#8221;solid&#8221; image_max_width=&#8221;none&#8221; use_circle=&#8221;off&#8221; use_circle_border=&#8221;off&#8221; circle_border_color=&#8221;#b71919&#8243; circle_color=&#8221;#b71919&#8243; global_colors_info=&#8221;{}&#8221;][\/et_pb_blurb][et_pb_text _builder_version=&#8221;4.16&#8243; text_font=&#8221;Source Sans Pro|on|||&#8221; text_text_color=&#8221;#ffffff&#8221; text_font_size=&#8221;17&#8243; background_size=&#8221;initial&#8221; background_position=&#8221;top_left&#8221; background_repeat=&#8221;repeat&#8221; text_orientation=&#8221;center&#8221; module_alignment=&#8221;center&#8221; use_border_color=&#8221;off&#8221; global_colors_info=&#8221;{}&#8221;]<a href=\"https:\/\/lepetithameau.com\/en\/france-stewart-services-financiers\/\">France Stewart<br \/>\nservices financiers<\/a><\/p>\n<p><a href=\"https:\/\/lepetithameau.com\/en\/le-living-espace-coiffure\/\">Le Living espace coiffure<\/a><\/p>\n<p><a href=\"https:\/\/lepetithameau.com\/en\/century-21-immo-plus-inc\/\">Century 21 Immo-Plus Inc<\/a><\/p>\n<p>&nbsp;<br \/>\n[\/et_pb_text][et_pb_divider color=&#8221;#a0a0a0&#8243; _builder_version=&#8221;4.16&#8243; height=&#8221;10px&#8221; hide_on_mobile=&#8221;off&#8221; global_colors_info=&#8221;{}&#8221;][\/et_pb_divider][\/et_pb_column][et_pb_column type=&#8221;1_4&#8243; _builder_version=&#8221;4.16&#8243; custom_padding=&#8221;|||&#8221; global_colors_info=&#8221;{}&#8221; custom_padding__hover=&#8221;|||&#8221;][et_pb_blurb title=&#8221;Clothing&#8221; image=&#8221;https:\/\/lepetithameau.com\/wp-content\/uploads\/2016\/07\/icon-menu-vetements.png&#8221; icon_placement=&#8221;left&#8221; image_icon_width=&#8221;none&#8221; admin_label=&#8221;V\u00eatements&#8221; _builder_version=&#8221;4.16&#8243; header_text_color=&#8221;#ffffff&#8221; body_text_color=&#8221;#ffffff&#8221; background_size=&#8221;initial&#8221; background_position=&#8221;top_left&#8221; background_repeat=&#8221;repeat&#8221; animation=&#8221;off&#8221; custom_css_blurb_image=&#8221;width: 49px;&#8221; custom_css_blurb_title=&#8221;padding-top: 20px;&#8221; use_border_color=&#8221;off&#8221; border_color=&#8221;#ffffff&#8221; border_style=&#8221;solid&#8221; image_max_width=&#8221;none&#8221; use_circle=&#8221;off&#8221; use_circle_border=&#8221;off&#8221; circle_border_color=&#8221;#b71919&#8243; circle_color=&#8221;#b71919&#8243; global_colors_info=&#8221;{}&#8221;][\/et_pb_blurb][et_pb_text _builder_version=&#8221;4.16&#8243; text_font=&#8221;Source Sans Pro|on|||&#8221; text_text_color=&#8221;#ffffff&#8221; text_font_size=&#8221;17&#8243; background_size=&#8221;initial&#8221; background_position=&#8221;top_left&#8221; background_repeat=&#8221;repeat&#8221; text_orientation=&#8221;center&#8221; module_alignment=&#8221;center&#8221; use_border_color=&#8221;off&#8221; global_colors_info=&#8221;{}&#8221;]<a href=\"https:\/\/lepetithameau.com\/en\/boutique-manege\/\">Boutique Man\u00e8ge<\/a><\/p>\n<p><a href=\"https:\/\/lepetithameau.com\/en\/signe-marie-pierre\/\">Sign\u00e9 Marie-Pierre<\/a><\/p>\n<p><a href=\"https:\/\/lepetithameau.com\/en\/anne-pret-a-porter\/\">Anne pr\u00eat-\u00e0-porter<\/a><\/p>\n<p>&nbsp;<br \/>\n[\/et_pb_text][et_pb_divider color=&#8221;#a0a0a0&#8243; _builder_version=&#8221;4.16&#8243; height=&#8221;10px&#8221; hide_on_mobile=&#8221;off&#8221; global_colors_info=&#8221;{}&#8221;][\/et_pb_divider][et_pb_blurb title=&#8221;Book Store&#8221; image=&#8221;https:\/\/lepetithameau.com\/wp-content\/uploads\/2016\/07\/icon-menu-librairie.png&#8221; icon_placement=&#8221;left&#8221; image_icon_width=&#8221;none&#8221; admin_label=&#8221;Librairie&#8221; _builder_version=&#8221;4.16&#8243; header_text_color=&#8221;#ffffff&#8221; body_text_color=&#8221;#ffffff&#8221; background_size=&#8221;initial&#8221; background_position=&#8221;top_left&#8221; background_repeat=&#8221;repeat&#8221; animation=&#8221;off&#8221; custom_css_blurb_image=&#8221;width: 49px;&#8221; custom_css_blurb_title=&#8221;padding-top: 20px;&#8221; use_border_color=&#8221;off&#8221; border_color=&#8221;#ffffff&#8221; border_style=&#8221;solid&#8221; image_max_width=&#8221;none&#8221; use_circle=&#8221;off&#8221; use_circle_border=&#8221;off&#8221; circle_border_color=&#8221;#b71919&#8243; circle_color=&#8221;#b71919&#8243; global_colors_info=&#8221;{}&#8221;][\/et_pb_blurb][et_pb_text _builder_version=&#8221;4.16&#8243; text_font=&#8221;Source Sans Pro|on|||&#8221; text_text_color=&#8221;#ffffff&#8221; text_font_size=&#8221;17&#8243; background_size=&#8221;initial&#8221; background_position=&#8221;top_left&#8221; background_repeat=&#8221;repeat&#8221; text_orientation=&#8221;center&#8221; module_alignment=&#8221;center&#8221; use_border_color=&#8221;off&#8221; border_color=&#8221;#ffffff&#8221; border_style=&#8221;solid&#8221; global_colors_info=&#8221;{}&#8221;]<a href=\"https:\/\/lepetithameau.com\/en\/librairie-carpe-diem\/\">Librairie Carpe Diem<\/a><\/p>\n<p>&nbsp;<br \/>\n[\/et_pb_text][et_pb_divider color=&#8221;#a0a0a0&#8243; _builder_version=&#8221;4.16&#8243; height=&#8221;10px&#8221; hide_on_mobile=&#8221;off&#8221; global_colors_info=&#8221;{}&#8221;][\/et_pb_divider][\/et_pb_column][et_pb_column type=&#8221;1_4&#8243; _builder_version=&#8221;4.16&#8243; custom_padding=&#8221;|||&#8221; global_colors_info=&#8221;{}&#8221; custom_padding__hover=&#8221;|||&#8221;][et_pb_blurb title=&#8221;Galleries&#8221; image=&#8221;https:\/\/lepetithameau.com\/wp-content\/uploads\/2016\/07\/icon-menu-gallerie.png&#8221; icon_placement=&#8221;left&#8221; image_icon_width=&#8221;none&#8221; admin_label=&#8221;Galeries&#8221; _builder_version=&#8221;4.16&#8243; header_text_color=&#8221;#ffffff&#8221; body_text_color=&#8221;#ffffff&#8221; background_size=&#8221;initial&#8221; background_position=&#8221;top_left&#8221; background_repeat=&#8221;repeat&#8221; animation=&#8221;off&#8221; custom_css_blurb_image=&#8221;width: 49px;&#8221; custom_css_blurb_title=&#8221;padding-top: 20px;&#8221; use_border_color=&#8221;off&#8221; border_color=&#8221;#ffffff&#8221; border_style=&#8221;solid&#8221; image_max_width=&#8221;none&#8221; use_circle=&#8221;off&#8221; use_circle_border=&#8221;off&#8221; circle_border_color=&#8221;#b71919&#8243; circle_color=&#8221;#b71919&#8243; global_colors_info=&#8221;{}&#8221;][\/et_pb_blurb][et_pb_text _builder_version=&#8221;4.16&#8243; text_font=&#8221;Source Sans Pro|on|||&#8221; text_text_color=&#8221;#ffffff&#8221; text_font_size=&#8221;17&#8243; background_size=&#8221;initial&#8221; background_position=&#8221;top_left&#8221; background_repeat=&#8221;repeat&#8221; text_orientation=&#8221;center&#8221; module_alignment=&#8221;center&#8221; use_border_color=&#8221;off&#8221; global_colors_info=&#8221;{}&#8221;]<a href=\"https:\/\/lepetithameau.com\/en\/galerie-806\/\">Galerie 806<\/a><br \/>\n[\/et_pb_text][et_pb_divider color=&#8221;#a0a0a0&#8243; _builder_version=&#8221;4.16&#8243; height=&#8221;10px&#8221; hide_on_mobile=&#8221;off&#8221; global_colors_info=&#8221;{}&#8221;][\/et_pb_divider][\/et_pb_column][\/et_pb_row][\/et_pb_section]<\/p>\n","protected":false},"excerpt":{"rendered":"<p>Tacos Lolita Pizza et Cie Cr\u00e8me et Chocolat Vrac et vous Encadrements Concept Plus France Stewart services financiers Le Living espace coiffure Century 21 Immo-Plus Inc &nbsp; Boutique Man\u00e8ge Sign\u00e9 Marie-Pierre Anne pr\u00eat-\u00e0-porter &nbsp; Librairie Carpe Diem &nbsp; Galerie 806<\/p>\n","protected":false},"author":10,"featured_media":0,"parent":0,"menu_order":0,"comment_status":"closed","ping_status":"closed","template":"page-template-blank.php","meta":{"_et_pb_use_builder":"on","_et_pb_old_content":"","_et_gb_content_width":"","footnotes":""},"tags":[],"class_list":["post-25784","page","type-page","status-publish","hentry"],"yoast_head":"<!-- This site is optimized with the Yoast SEO plugin v27.0 - https:\/\/yoast.com\/product\/yoast-seo-wordpress\/ -->\n<title>Mega menu | Le Petit Hameau -<\/title>\n<meta name=\"robots\" content=\"index, follow, max-snippet:-1, max-image-preview:large, max-video-preview:-1\" \/>\n<link rel=\"canonical\" href=\"https:\/\/darkslategray-gaur-781942.hostingersite.com\/en\/mega-menu\/\" \/>\n<meta property=\"og:locale\" content=\"en_US\" \/>\n<meta property=\"og:type\" content=\"article\" \/>\n<meta property=\"og:title\" content=\"Mega menu | Le Petit Hameau -\" \/>\n<meta property=\"og:description\" content=\"Tacos Lolita Pizza et Cie Cr\u00e8me et Chocolat Vrac et vous Encadrements Concept Plus France Stewart services financiers Le Living espace coiffure Century 21 Immo-Plus Inc &nbsp; Boutique Man\u00e8ge Sign\u00e9 Marie-Pierre Anne pr\u00eat-\u00e0-porter &nbsp; Librairie Carpe Diem &nbsp; Galerie 806\" \/>\n<meta property=\"og:url\" content=\"https:\/\/darkslategray-gaur-781942.hostingersite.com\/en\/mega-menu\/\" \/>\n<meta property=\"og:site_name\" content=\"Le Petit Hameau -\" \/>\n<meta property=\"article:publisher\" content=\"https:\/\/www.facebook.com\/Petit-Hameau-St-Jovite-367634806626793\/?fref=ts\" \/>\n<meta property=\"article:modified_time\" content=\"2023-08-14T00:08:45+00:00\" \/>\n<meta name=\"twitter:label1\" content=\"Est. reading time\" \/>\n\t<meta name=\"twitter:data1\" content=\"2 minutes\" \/>\n<script type=\"application\/ld+json\" class=\"yoast-schema-graph\">{\"@context\":\"https:\/\/schema.org\",\"@graph\":[{\"@type\":\"WebPage\",\"@id\":\"https:\/\/darkslategray-gaur-781942.hostingersite.com\/en\/mega-menu\/\",\"url\":\"https:\/\/darkslategray-gaur-781942.hostingersite.com\/en\/mega-menu\/\",\"name\":\"Mega menu | Le Petit Hameau -\",\"isPartOf\":{\"@id\":\"https:\/\/darkslategray-gaur-781942.hostingersite.com\/#website\"},\"datePublished\":\"2016-07-27T20:52:45+00:00\",\"dateModified\":\"2023-08-14T00:08:45+00:00\",\"breadcrumb\":{\"@id\":\"https:\/\/darkslategray-gaur-781942.hostingersite.com\/en\/mega-menu\/#breadcrumb\"},\"inLanguage\":\"en-US\",\"potentialAction\":[{\"@type\":\"ReadAction\",\"target\":[\"https:\/\/darkslategray-gaur-781942.hostingersite.com\/en\/mega-menu\/\"]}]},{\"@type\":\"BreadcrumbList\",\"@id\":\"https:\/\/darkslategray-gaur-781942.hostingersite.com\/en\/mega-menu\/#breadcrumb\",\"itemListElement\":[{\"@type\":\"ListItem\",\"position\":1,\"name\":\"Accueil\",\"item\":\"https:\/\/lepetithameau.com\/\"},{\"@type\":\"ListItem\",\"position\":2,\"name\":\"Mega menu\"}]},{\"@type\":\"WebSite\",\"@id\":\"https:\/\/darkslategray-gaur-781942.hostingersite.com\/#website\",\"url\":\"https:\/\/darkslategray-gaur-781942.hostingersite.com\/\",\"name\":\"Le Petit Hameau -\",\"description\":\"Le Petit Hameau de St-Jovite, venez nous visiter!\",\"publisher\":{\"@id\":\"https:\/\/darkslategray-gaur-781942.hostingersite.com\/#organization\"},\"potentialAction\":[{\"@type\":\"SearchAction\",\"target\":{\"@type\":\"EntryPoint\",\"urlTemplate\":\"https:\/\/darkslategray-gaur-781942.hostingersite.com\/?s={search_term_string}\"},\"query-input\":{\"@type\":\"PropertyValueSpecification\",\"valueRequired\":true,\"valueName\":\"search_term_string\"}}],\"inLanguage\":\"en-US\"},{\"@type\":\"Organization\",\"@id\":\"https:\/\/darkslategray-gaur-781942.hostingersite.com\/#organization\",\"name\":\"Petit Hameau St-Jovite\",\"url\":\"https:\/\/darkslategray-gaur-781942.hostingersite.com\/\",\"logo\":{\"@type\":\"ImageObject\",\"inLanguage\":\"en-US\",\"@id\":\"https:\/\/darkslategray-gaur-781942.hostingersite.com\/#\/schema\/logo\/image\/\",\"url\":\"https:\/\/lepetithameau.com\/wp-content\/uploads\/2017\/04\/logo_190_rouge.png\",\"contentUrl\":\"https:\/\/lepetithameau.com\/wp-content\/uploads\/2017\/04\/logo_190_rouge.png\",\"width\":190,\"height\":78,\"caption\":\"Petit Hameau St-Jovite\"},\"image\":{\"@id\":\"https:\/\/darkslategray-gaur-781942.hostingersite.com\/#\/schema\/logo\/image\/\"},\"sameAs\":[\"https:\/\/www.facebook.com\/Petit-Hameau-St-Jovite-367634806626793\/?fref=ts\"]}]}<\/script>\n<!-- \/ Yoast SEO plugin. -->","yoast_head_json":{"title":"Mega menu | Le Petit Hameau -","robots":{"index":"index","follow":"follow","max-snippet":"max-snippet:-1","max-image-preview":"max-image-preview:large","max-video-preview":"max-video-preview:-1"},"canonical":"https:\/\/darkslategray-gaur-781942.hostingersite.com\/en\/mega-menu\/","og_locale":"en_US","og_type":"article","og_title":"Mega menu | Le Petit Hameau -","og_description":"Tacos Lolita Pizza et Cie Cr\u00e8me et Chocolat Vrac et vous Encadrements Concept Plus France Stewart services financiers Le Living espace coiffure Century 21 Immo-Plus Inc &nbsp; Boutique Man\u00e8ge Sign\u00e9 Marie-Pierre Anne pr\u00eat-\u00e0-porter &nbsp; Librairie Carpe Diem &nbsp; Galerie 806","og_url":"https:\/\/darkslategray-gaur-781942.hostingersite.com\/en\/mega-menu\/","og_site_name":"Le Petit Hameau -","article_publisher":"https:\/\/www.facebook.com\/Petit-Hameau-St-Jovite-367634806626793\/?fref=ts","article_modified_time":"2023-08-14T00:08:45+00:00","twitter_misc":{"Est. reading time":"2 minutes"},"schema":{"@context":"https:\/\/schema.org","@graph":[{"@type":"WebPage","@id":"https:\/\/darkslategray-gaur-781942.hostingersite.com\/en\/mega-menu\/","url":"https:\/\/darkslategray-gaur-781942.hostingersite.com\/en\/mega-menu\/","name":"Mega menu | Le Petit Hameau -","isPartOf":{"@id":"https:\/\/darkslategray-gaur-781942.hostingersite.com\/#website"},"datePublished":"2016-07-27T20:52:45+00:00","dateModified":"2023-08-14T00:08:45+00:00","breadcrumb":{"@id":"https:\/\/darkslategray-gaur-781942.hostingersite.com\/en\/mega-menu\/#breadcrumb"},"inLanguage":"en-US","potentialAction":[{"@type":"ReadAction","target":["https:\/\/darkslategray-gaur-781942.hostingersite.com\/en\/mega-menu\/"]}]},{"@type":"BreadcrumbList","@id":"https:\/\/darkslategray-gaur-781942.hostingersite.com\/en\/mega-menu\/#breadcrumb","itemListElement":[{"@type":"ListItem","position":1,"name":"Accueil","item":"https:\/\/lepetithameau.com\/"},{"@type":"ListItem","position":2,"name":"Mega menu"}]},{"@type":"WebSite","@id":"https:\/\/darkslategray-gaur-781942.hostingersite.com\/#website","url":"https:\/\/darkslategray-gaur-781942.hostingersite.com\/","name":"Le Petit Hameau -","description":"Le Petit Hameau de St-Jovite, venez nous visiter!","publisher":{"@id":"https:\/\/darkslategray-gaur-781942.hostingersite.com\/#organization"},"potentialAction":[{"@type":"SearchAction","target":{"@type":"EntryPoint","urlTemplate":"https:\/\/darkslategray-gaur-781942.hostingersite.com\/?s={search_term_string}"},"query-input":{"@type":"PropertyValueSpecification","valueRequired":true,"valueName":"search_term_string"}}],"inLanguage":"en-US"},{"@type":"Organization","@id":"https:\/\/darkslategray-gaur-781942.hostingersite.com\/#organization","name":"Petit Hameau St-Jovite","url":"https:\/\/darkslategray-gaur-781942.hostingersite.com\/","logo":{"@type":"ImageObject","inLanguage":"en-US","@id":"https:\/\/darkslategray-gaur-781942.hostingersite.com\/#\/schema\/logo\/image\/","url":"https:\/\/lepetithameau.com\/wp-content\/uploads\/2017\/04\/logo_190_rouge.png","contentUrl":"https:\/\/lepetithameau.com\/wp-content\/uploads\/2017\/04\/logo_190_rouge.png","width":190,"height":78,"caption":"Petit Hameau St-Jovite"},"image":{"@id":"https:\/\/darkslategray-gaur-781942.hostingersite.com\/#\/schema\/logo\/image\/"},"sameAs":["https:\/\/www.facebook.com\/Petit-Hameau-St-Jovite-367634806626793\/?fref=ts"]}]}},"_links":{"self":[{"href":"https:\/\/lepetithameau.com\/en\/wp-json\/wp\/v2\/pages\/25784","targetHints":{"allow":["GET"]}}],"collection":[{"href":"https:\/\/lepetithameau.com\/en\/wp-json\/wp\/v2\/pages"}],"about":[{"href":"https:\/\/lepetithameau.com\/en\/wp-json\/wp\/v2\/types\/page"}],"author":[{"embeddable":true,"href":"https:\/\/lepetithameau.com\/en\/wp-json\/wp\/v2\/users\/10"}],"replies":[{"embeddable":true,"href":"https:\/\/lepetithameau.com\/en\/wp-json\/wp\/v2\/comments?post=25784"}],"version-history":[{"count":1,"href":"https:\/\/lepetithameau.com\/en\/wp-json\/wp\/v2\/pages\/25784\/revisions"}],"predecessor-version":[{"id":29412,"href":"https:\/\/lepetithameau.com\/en\/wp-json\/wp\/v2\/pages\/25784\/revisions\/29412"}],"wp:attachment":[{"href":"https:\/\/lepetithameau.com\/en\/wp-json\/wp\/v2\/media?parent=25784"}],"wp:term":[{"taxonomy":"post_tag","embeddable":true,"href":"https:\/\/lepetithameau.com\/en\/wp-json\/wp\/v2\/tags?post=25784"}],"curies":[{"name":"wp","href":"https:\/\/api.w.org\/{rel}","templated":true}]}}